{"id":5359,"date":"2024-03-20T14:58:04","date_gmt":"2024-03-20T13:58:04","guid":{"rendered":"https:\/\/wz.wz-medcubes.de\/?page_id=5359"},"modified":"2026-03-31T10:15:30","modified_gmt":"2026-03-31T08:15:30","slug":"impressum","status":"publish","type":"page","link":"https:\/\/www.wundzentren.de\/en\/impressum\/","title":{"rendered":"Imprint"},"content":{"rendered":"<div data-elementor-type=\"wp-page\" data-elementor-id=\"5359\" class=\"elementor elementor-5359\">\n\t\t\t\t<div class=\"elementor-element elementor-element-a921324 e-flex e-con-boxed e-con e-child\" data-id=\"a921324\" data-element_type=\"container\" data-settings=\"{&quot;background_background&quot;:&quot;slideshow&quot;,&quot;background_slideshow_gallery&quot;:[{&quot;id&quot;:12,&quot;url&quot;:&quot;https:\\\/\\\/wz.wz-medcubes.de\\\/wp-content\\\/uploads\\\/2024\\\/02\\\/img-headerbild-wundbehandlung-1.jpg&quot;}],&quot;background_slideshow_transition_duration&quot;:20,&quot;background_slideshow_loop&quot;:&quot;yes&quot;,&quot;background_slideshow_slide_duration&quot;:5000,&quot;background_slideshow_slide_transition&quot;:&quot;fade&quot;}\">\n\t\t\t\t\t<div class=\"e-con-inner\">\n\t\t<div class=\"elementor-element elementor-element-6170af7 e-con-full e-flex e-con e-child\" data-id=\"6170af7\" data-element_type=\"container\" data-settings=\"{&quot;background_background&quot;:&quot;slideshow&quot;,&quot;background_slideshow_gallery&quot;:[],&quot;background_slideshow_loop&quot;:&quot;yes&quot;,&quot;background_slideshow_slide_duration&quot;:5000,&quot;background_slideshow_slide_transition&quot;:&quot;fade&quot;,&quot;background_slideshow_transition_duration&quot;:500}\">\n\t\t\t\t<div class=\"elementor-element elementor-element-4c5e929 elementor-widget elementor-widget-heading\" data-id=\"4c5e929\" data-element_type=\"widget\" data-widget_type=\"heading.default\">\n\t\t\t\t<div class=\"elementor-widget-container\">\n\t\t\t<style>\/*! elementor - v3.21.0 - 26-05-2024 *\/\n.elementor-heading-title{padding:0;margin:0;line-height:1}.elementor-widget-heading .elementor-heading-title[class*=elementor-size-]>a{color:inherit;font-size:inherit;line-height:inherit}.elementor-widget-heading .elementor-heading-title.elementor-size-small{font-size:15px}.elementor-widget-heading .elementor-heading-title.elementor-size-medium{font-size:19px}.elementor-widget-heading .elementor-heading-title.elementor-size-large{font-size:29px}.elementor-widget-heading .elementor-heading-title.elementor-size-xl{font-size:39px}.elementor-widget-heading .elementor-heading-title.elementor-size-xxl{font-size:59px}<\/style><h2 class=\"elementor-heading-title elementor-size-default\">Imprint<\/h2>\t\t<\/div>\n\t\t\t\t<\/div>\n\t\t\t\t<\/div>\n\t\t\t\t\t<\/div>\n\t\t\t\t<\/div>\n\t\t<div class=\"elementor-element elementor-element-c4be79d e-flex e-con-boxed e-con e-parent\" data-id=\"c4be79d\" data-element_type=\"container\">\n\t\t\t\t\t<div class=\"e-con-inner\">\n\t\t<div class=\"elementor-element elementor-element-87894cf e-flex e-con-boxed e-con e-child\" data-id=\"87894cf\" data-element_type=\"container\">\n\t\t\t\t\t<div class=\"e-con-inner\">\n\t\t\t\t<div class=\"elementor-element elementor-element-53de38d elementor-widget elementor-widget-text-editor\" data-id=\"53de38d\" data-element_type=\"widget\" data-widget_type=\"text-editor.default\">\n\t\t\t\t<div class=\"elementor-widget-container\">\n\t\t\t<style>\/*! elementor - v3.21.0 - 26-05-2024 *\/\n.elementor-widget-text-editor.elementor-drop-cap-view-stacked .elementor-drop-cap{background-color:#69727d;color:#fff}.elementor-widget-text-editor.elementor-drop-cap-view-framed .elementor-drop-cap{color:#69727d;border:3px solid;background-color:transparent}.elementor-widget-text-editor:not(.elementor-drop-cap-view-default) .elementor-drop-cap{margin-top:8px}.elementor-widget-text-editor:not(.elementor-drop-cap-view-default) .elementor-drop-cap-letter{width:1em;height:1em}.elementor-widget-text-editor .elementor-drop-cap{float:left;text-align:center;line-height:1;font-size:50px}.elementor-widget-text-editor .elementor-drop-cap-letter{display:inline-block}<\/style>\t\t\t\t<div class=\"b-intro is-no-divider\" style=\"-webkit-tap-highlight-color: transparent; box-sizing: inherit; position: relative; width: 600px; padding-right: 20px; padding-left: 20px; color: #000000; font-family: Barlow-Medium, Helvetica, Arial, Lucida; font-size: medium;\"><header class=\"group\" style=\"-webkit-tap-highlight-color: transparent; box-sizing: inherit; padding-top: 32px;\"><h1 class=\"title\" style=\"-webkit-tap-highlight-color: transparent; box-sizing: inherit; margin-bottom: 20px; font-family: Barlow, Helvetica, Arial, sans-serif; font-size: 1.875rem; line-height: 2.25rem; color: #8cb8c6;\">Imprint<\/h1><\/header><div class=\"content b-richtext-content\" style=\"-webkit-tap-highlight-color: transparent; box-sizing: inherit; counter-reset: section 0; width: 560px; color: #777777; font-size: 1.25rem; line-height: 1.6875rem;\"><h3 style=\"-webkit-tap-highlight-color: transparent; box-sizing: inherit; margin-bottom: 15px; font-family: Barlow, Helvetica, Arial, Lucida, sans-serif; color: #a88165; padding-top: 10px; font-size: 1.25rem; line-height: 1.5rem;\">MANDATORY DATA ACCORDING TO TMG<\/h3><\/div><\/div><section class=\"b-article-section\" style=\"-webkit-tap-highlight-color: transparent; box-sizing: inherit; width: 600px; color: #000000; font-family: Barlow-Medium, Helvetica, Arial, Lucida; font-size: medium;\"><div class=\"b-richtext-content\" style=\"-webkit-tap-highlight-color: transparent; box-sizing: inherit; counter-reset: section 0; padding-right: 20px; padding-left: 20px; width: 600px; color: #777777;\"><p style=\"-webkit-tap-highlight-color: transparent; box-sizing: inherit; margin-bottom: 15px; font-size: 1.15rem; line-height: 1.625rem;\">WCC-WoundCareCenter GmbH<br style=\"-webkit-tap-highlight-color: transparent; box-sizing: inherit;\" \/>Reichsstra\u00dfe 59<br style=\"-webkit-tap-highlight-color: transparent; box-sizing: inherit;\" \/>40217 D\u00fcsseldorf<\/p><p style=\"-webkit-tap-highlight-color: transparent; box-sizing: inherit; margin-bottom: 15px; font-size: 1.15rem; line-height: 1.625rem;\">Phone:\u00a0<a style=\"-webkit-tap-highlight-color: transparent; box-sizing: inherit; color: #8cb8c6; font-weight: 600;\" href=\"telto:+4921151362116\" target=\"_self\">0211 513 621 16<\/a><br style=\"-webkit-tap-highlight-color: transparent; box-sizing: inherit;\" \/>E-Mail:<a style=\"-webkit-tap-highlight-color: transparent; box-sizing: inherit; color: #8cb8c6; font-weight: 600;\" href=\"mailto:info@wundzentren.de\" target=\"_self\">\u00a0info@wundzentren.de<\/a><br style=\"-webkit-tap-highlight-color: transparent; box-sizing: inherit;\" \/>Website: www.wundzentren.de<\/p><p style=\"-webkit-tap-highlight-color: transparent; box-sizing: inherit; margin-bottom: 15px; font-size: 1.15rem; line-height: 1.625rem;\">Management:<br style=\"-webkit-tap-highlight-color: transparent; box-sizing: inherit;\" \/>Andr\u00e9 Lantin, Frauke Lantin<\/p><p style=\"-webkit-tap-highlight-color: transparent; box-sizing: inherit; margin-bottom: 15px; font-size: 1.15rem; line-height: 1.625rem;\"><em style=\"-webkit-tap-highlight-color: transparent; box-sizing: inherit;\">Seat: D\u00fcsseldorf, AG D\u00fcsseldorf HRB 79292<\/em><br style=\"-webkit-tap-highlight-color: transparent; box-sizing: inherit;\" \/><em style=\"-webkit-tap-highlight-color: transparent; box-sizing: inherit;\">UST: DE272683913<\/em><\/p><\/div><\/section>\t\t\t\t\t\t<\/div>\n\t\t\t\t<\/div>\n\t\t<div class=\"elementor-element elementor-element-07a0fb1 e-con-full e-flex e-con e-child\" data-id=\"07a0fb1\" data-element_type=\"container\">\n\t\t<div class=\"elementor-element elementor-element-8f1ceef e-flex e-con-boxed e-con e-child\" data-id=\"8f1ceef\" data-element_type=\"container\">\n\t\t\t\t\t<div class=\"e-con-inner\">\n\t\t\t\t<div class=\"elementor-element elementor-element-76e1c4d elementor-widget elementor-widget-text-editor\" data-id=\"76e1c4d\" data-element_type=\"widget\" data-widget_type=\"text-editor.default\">\n\t\t\t\t<div class=\"elementor-widget-container\">\n\t\t\t\t\t\t\t<p style=\"-webkit-tap-highlight-color: transparent; box-sizing: inherit; margin-bottom: 15px; line-height: 1.625rem;\"><span style=\"color: #777777; font-family: Barlow-Medium, Helvetica, Arial, Lucida;\"><span style=\"font-size: 18.4px;\">Disclaimer: We assume no liability for the content of external links. The operators of the linked pages are solely responsible for their content.<\/span><\/span><\/p>\t\t\t\t\t\t<\/div>\n\t\t\t\t<\/div>\n\t\t\t\t\t<\/div>\n\t\t\t\t<\/div>\n\t\t\t\t<\/div>\n\t\t\t\t<div class=\"elementor-element elementor-element-0b396bf elementor-widget elementor-widget-text-editor\" data-id=\"0b396bf\" data-element_type=\"widget\" data-widget_type=\"text-editor.default\">\n\t\t\t\t<div class=\"elementor-widget-container\">\n\t\t\t\t\t\t\t<div class=\"b-intro is-no-divider\" style=\"-webkit-tap-highlight-color: transparent; box-sizing: inherit; position: relative; width: 600px; padding-right: 20px; padding-left: 20px; color: #000000; font-family: Barlow-Medium, Helvetica, Arial, Lucida; font-size: medium;\"><header class=\"group\" style=\"-webkit-tap-highlight-color: transparent; box-sizing: inherit; padding-top: 32px;\"><h3 style=\"-webkit-tap-highlight-color: transparent; box-sizing: inherit; margin-bottom: 15px; font-family: Barlow, Helvetica, Arial, Lucida, sans-serif; color: #a88165; padding-top: 10px; font-size: 1.25rem; line-height: 1.5rem;\">Image sources:<\/h3><p style=\"-webkit-tap-highlight-color: transparent; box-sizing: inherit; font-weight: 400; margin-bottom: 15px; font-size: 1.15rem; line-height: 1.625rem; color: #777777; font-family: Barlow-Medium, Helvetica, Arial, Lucida;\">\u00a9 Joachim Wendler \u2013\u00a0<a style=\"-webkit-tap-highlight-color: transparent; box-sizing: inherit; color: #8cb8c6; font-weight: 600;\" href=\"http:\/\/stock.adobe.com\/\">stock.adobe.com<\/a><\/p><p style=\"-webkit-tap-highlight-color: transparent; box-sizing: inherit; font-weight: 400; margin-bottom: 15px; font-size: 1.15rem; line-height: 1.625rem; color: #777777; font-family: Barlow-Medium, Helvetica, Arial, Lucida;\">\u00a9 LVDESIGN \u2013\u00a0<a style=\"-webkit-tap-highlight-color: transparent; box-sizing: inherit; color: #8cb8c6; font-weight: 600;\" href=\"http:\/\/stock.adobe.com\/\">stock.adobe.com<\/a><\/p><p style=\"-webkit-tap-highlight-color: transparent; box-sizing: inherit; font-weight: 400; margin-bottom: 15px; font-size: 1.15rem; line-height: 1.625rem; color: #777777; font-family: Barlow-Medium, Helvetica, Arial, Lucida;\">\u00a9 MH\u00a0\u2013\u00a0<a style=\"-webkit-tap-highlight-color: transparent; box-sizing: inherit; color: #8cb8c6; font-weight: 600;\" href=\"http:\/\/stock.adobe.com\/\">stock.adobe.com<\/a><\/p><\/header><\/div><section class=\"b-article-section\" style=\"-webkit-tap-highlight-color: transparent; box-sizing: inherit; width: 600px; color: #000000; font-family: Barlow-Medium, Helvetica, Arial, Lucida; font-size: medium;\"><div class=\"b-richtext-content\" style=\"-webkit-tap-highlight-color: transparent; box-sizing: inherit; counter-reset: section 0; padding-right: 20px; padding-left: 20px; width: 600px; color: #777777;\">\u00a0<\/div><\/section>\t\t\t\t\t\t<\/div>\n\t\t\t\t<\/div>\n\t\t\t\t\t<\/div>\n\t\t\t\t<\/div>\n\t\t\t\t\t<\/div>\n\t\t\t\t<\/div>\n\t\t\t\t<\/div>","protected":false},"excerpt":{"rendered":"<p>Impressum Impressum PFLICHTANGABEN NACH TMG WZ-WundZentren GmbHReichsstra\u00dfe 5940217 D\u00fcsseldorf Telefon:\u00a00211 513 621 16E-Mail:\u00a0info@wundzentren.deInternet: www.wundzentren.de Gesch\u00e4ftsf\u00fchrer:Andr\u00e9 Lantin, Frauke Lantin Sitz: D\u00fcsseldorf, AG D\u00fcsseldorf HRB 79292UST: DE272683913 Haftungshinweis: Wir \u00fcbernehmen keine Haftung f\u00fcr die Inhalte externer Links. F\u00fcr den Inhalt der verlinkten Seiten sind ausschlie\u00dflich deren Betreiber verantwortlich. Bildquellen: \u00a9 Joachim Wendler \u2013\u00a0stock.adobe.com \u00a9 LVDESIGN \u2013\u00a0stock.adobe.com \u00a9&#8230;<\/p>","protected":false},"author":1,"featured_media":0,"parent":0,"menu_order":0,"comment_status":"closed","ping_status":"closed","template":"","meta":{"footnotes":""},"class_list":["post-5359","page","type-page","status-publish","hentry"],"yoast_head":"<!-- This site is optimized with the Yoast SEO plugin v24.4 - https:\/\/yoast.com\/wordpress\/plugins\/seo\/ -->\n<title>Impressum - WZ-WundZentren: Ihr Spezialist f\u00fcr die Behandlung von chronischen und schwer heilenden Wunden<\/title>\n<meta name=\"description\" content=\"Impressum - WZ-WundZentren mit Sitz in D\u00fcsseldorf, Reichsstra\u00dfe 59 - Ihr Spezialist in der ambulanten Wundbehandlung.\" \/>\n<meta name=\"robots\" content=\"index, follow, max-snippet:-1, max-image-preview:large, max-video-preview:-1\" \/>\n<link rel=\"canonical\" href=\"https:\/\/www.wundzentren.de\/en\/impressum\/\" \/>\n<meta property=\"og:locale\" content=\"en_GB\" \/>\n<meta property=\"og:type\" content=\"article\" \/>\n<meta property=\"og:title\" content=\"Impressum - WZ-WundZentren: Ihr Spezialist f\u00fcr die Behandlung von chronischen und schwer heilenden Wunden\" \/>\n<meta property=\"og:description\" content=\"Impressum - WZ-WundZentren mit Sitz in D\u00fcsseldorf, Reichsstra\u00dfe 59 - Ihr Spezialist in der ambulanten Wundbehandlung.\" \/>\n<meta property=\"og:url\" content=\"https:\/\/www.wundzentren.de\/en\/impressum\/\" \/>\n<meta property=\"og:site_name\" content=\"WZ-WundZentren: Ihr Spezialist f\u00fcr die Behandlung von chronischen und schwer heilenden Wunden\" \/>\n<meta property=\"article:modified_time\" content=\"2026-03-31T08:15:30+00:00\" \/>\n<meta name=\"twitter:card\" content=\"summary_large_image\" \/>\n<meta name=\"twitter:label1\" content=\"Estimated reading time\" \/>\n\t<meta name=\"twitter:data1\" content=\"1 minute\" \/>\n<script type=\"application\/ld+json\" class=\"yoast-schema-graph\">{\"@context\":\"https:\/\/schema.org\",\"@graph\":[{\"@type\":\"WebPage\",\"@id\":\"https:\/\/www.wundzentren.de\/impressum\/\",\"url\":\"https:\/\/www.wundzentren.de\/impressum\/\",\"name\":\"Impressum - WZ-WundZentren: Ihr Spezialist f\u00fcr die Behandlung von chronischen und schwer heilenden Wunden\",\"isPartOf\":{\"@id\":\"https:\/\/www.wundzentren.de\/#website\"},\"datePublished\":\"2024-03-20T13:58:04+00:00\",\"dateModified\":\"2026-03-31T08:15:30+00:00\",\"description\":\"Impressum - WZ-WundZentren mit Sitz in D\u00fcsseldorf, Reichsstra\u00dfe 59 - Ihr Spezialist in der ambulanten Wundbehandlung.\",\"breadcrumb\":{\"@id\":\"https:\/\/www.wundzentren.de\/impressum\/#breadcrumb\"},\"inLanguage\":\"en-GB\",\"potentialAction\":[{\"@type\":\"ReadAction\",\"target\":[\"https:\/\/www.wundzentren.de\/impressum\/\"]}]},{\"@type\":\"BreadcrumbList\",\"@id\":\"https:\/\/www.wundzentren.de\/impressum\/#breadcrumb\",\"itemListElement\":[{\"@type\":\"ListItem\",\"position\":1,\"name\":\"Startseite\",\"item\":\"https:\/\/www.wundzentren.de\/\"},{\"@type\":\"ListItem\",\"position\":2,\"name\":\"Impressum\"}]},{\"@type\":\"WebSite\",\"@id\":\"https:\/\/www.wundzentren.de\/#website\",\"url\":\"https:\/\/www.wundzentren.de\/\",\"name\":\"WZ-WundZentren: Ihr Spezialist f\u00fcr die Behandlung von chronischen und schwer heilenden Wunden\",\"description\":\"\",\"potentialAction\":[{\"@type\":\"SearchAction\",\"target\":{\"@type\":\"EntryPoint\",\"urlTemplate\":\"https:\/\/www.wundzentren.de\/?s={search_term_string}\"},\"query-input\":{\"@type\":\"PropertyValueSpecification\",\"valueRequired\":true,\"valueName\":\"search_term_string\"}}],\"inLanguage\":\"en-GB\"}]}<\/script>\n<!-- \/ Yoast SEO plugin. -->","yoast_head_json":{"title":"Impressum - WZ-WundZentren: Ihr Spezialist f\u00fcr die Behandlung von chronischen und schwer heilenden Wunden","description":"Impressum - WZ-WundZentren mit Sitz in D\u00fcsseldorf, Reichsstra\u00dfe 59 - Ihr Spezialist in der ambulanten Wundbehandlung.","robots":{"index":"index","follow":"follow","max-snippet":"max-snippet:-1","max-image-preview":"max-image-preview:large","max-video-preview":"max-video-preview:-1"},"canonical":"https:\/\/www.wundzentren.de\/en\/impressum\/","og_locale":"en_GB","og_type":"article","og_title":"Impressum - WZ-WundZentren: Ihr Spezialist f\u00fcr die Behandlung von chronischen und schwer heilenden Wunden","og_description":"Impressum - WZ-WundZentren mit Sitz in D\u00fcsseldorf, Reichsstra\u00dfe 59 - Ihr Spezialist in der ambulanten Wundbehandlung.","og_url":"https:\/\/www.wundzentren.de\/en\/impressum\/","og_site_name":"WZ-WundZentren: Ihr Spezialist f\u00fcr die Behandlung von chronischen und schwer heilenden Wunden","article_modified_time":"2026-03-31T08:15:30+00:00","twitter_card":"summary_large_image","twitter_misc":{"Estimated reading time":"1 minute"},"schema":{"@context":"https:\/\/schema.org","@graph":[{"@type":"WebPage","@id":"https:\/\/www.wundzentren.de\/impressum\/","url":"https:\/\/www.wundzentren.de\/impressum\/","name":"Impressum - WZ-WundZentren: Ihr Spezialist f\u00fcr die Behandlung von chronischen und schwer heilenden Wunden","isPartOf":{"@id":"https:\/\/www.wundzentren.de\/#website"},"datePublished":"2024-03-20T13:58:04+00:00","dateModified":"2026-03-31T08:15:30+00:00","description":"Impressum - WZ-WundZentren mit Sitz in D\u00fcsseldorf, Reichsstra\u00dfe 59 - Ihr Spezialist in der ambulanten Wundbehandlung.","breadcrumb":{"@id":"https:\/\/www.wundzentren.de\/impressum\/#breadcrumb"},"inLanguage":"en-GB","potentialAction":[{"@type":"ReadAction","target":["https:\/\/www.wundzentren.de\/impressum\/"]}]},{"@type":"BreadcrumbList","@id":"https:\/\/www.wundzentren.de\/impressum\/#breadcrumb","itemListElement":[{"@type":"ListItem","position":1,"name":"Startseite","item":"https:\/\/www.wundzentren.de\/"},{"@type":"ListItem","position":2,"name":"Impressum"}]},{"@type":"WebSite","@id":"https:\/\/www.wundzentren.de\/#website","url":"https:\/\/www.wundzentren.de\/","name":"WZ-WundZentren: Ihr Spezialist f\u00fcr die Behandlung von chronischen und schwer heilenden Wunden","description":"","potentialAction":[{"@type":"SearchAction","target":{"@type":"EntryPoint","urlTemplate":"https:\/\/www.wundzentren.de\/?s={search_term_string}"},"query-input":{"@type":"PropertyValueSpecification","valueRequired":true,"valueName":"search_term_string"}}],"inLanguage":"en-GB"}]}},"rttpg_featured_image_url":null,"rttpg_author":{"display_name":"wundzentren","author_link":"https:\/\/www.wundzentren.de\/en\/author\/wundzentren\/"},"rttpg_comment":0,"rttpg_category":null,"rttpg_excerpt":"Impressum Impressum PFLICHTANGABEN NACH TMG WZ-WundZentren GmbHReichsstra\u00dfe 5940217 D\u00fcsseldorf Telefon:\u00a00211 513 621 16E-Mail:\u00a0info@wundzentren.deInternet: www.wundzentren.de Gesch\u00e4ftsf\u00fchrer:Andr\u00e9 Lantin, Frauke Lantin Sitz: D\u00fcsseldorf, AG D\u00fcsseldorf HRB 79292UST: DE272683913 Haftungshinweis: Wir \u00fcbernehmen keine Haftung f\u00fcr die Inhalte externer Links. F\u00fcr den Inhalt der verlinkten Seiten sind ausschlie\u00dflich deren Betreiber verantwortlich. Bildquellen: \u00a9 Joachim Wendler \u2013\u00a0stock.adobe.com \u00a9 LVDESIGN \u2013\u00a0stock.adobe.com \u00a9...","_links":{"self":[{"href":"https:\/\/www.wundzentren.de\/en\/wp-json\/wp\/v2\/pages\/5359","targetHints":{"allow":["GET"]}}],"collection":[{"href":"https:\/\/www.wundzentren.de\/en\/wp-json\/wp\/v2\/pages"}],"about":[{"href":"https:\/\/www.wundzentren.de\/en\/wp-json\/wp\/v2\/types\/page"}],"author":[{"embeddable":true,"href":"https:\/\/www.wundzentren.de\/en\/wp-json\/wp\/v2\/users\/1"}],"replies":[{"embeddable":true,"href":"https:\/\/www.wundzentren.de\/en\/wp-json\/wp\/v2\/comments?post=5359"}],"version-history":[{"count":18,"href":"https:\/\/www.wundzentren.de\/en\/wp-json\/wp\/v2\/pages\/5359\/revisions"}],"predecessor-version":[{"id":13002,"href":"https:\/\/www.wundzentren.de\/en\/wp-json\/wp\/v2\/pages\/5359\/revisions\/13002"}],"wp:attachment":[{"href":"https:\/\/www.wundzentren.de\/en\/wp-json\/wp\/v2\/media?parent=5359"}],"curies":[{"name":"wp","href":"https:\/\/api.w.org\/{rel}","templated":true}]}}